{"id":23,"date":"2016-02-12T08:12:49","date_gmt":"2016-02-12T08:12:49","guid":{"rendered":"http:\/\/demos.famethemes.com\/onepress\/?page_id=23"},"modified":"2024-06-13T21:33:46","modified_gmt":"2024-06-13T21:33:46","slug":"service-title-1","status":"publish","type":"page","link":"https:\/\/seguridad-cops.com\/index.php\/service-title-1\/","title":{"rendered":"Seguridad Empresarial"},"content":{"rendered":"\n<figure class=\"wp-block-image size-full\"><img loading=\"lazy\" decoding=\"async\" width=\"844\" height=\"392\" src=\"https:\/\/seguridad-cops.com\/wp-content\/uploads\/2024\/06\/Seguridad-Empresarial.png\" alt=\"\" class=\"wp-image-1483\" srcset=\"https:\/\/seguridad-cops.com\/wp-content\/uploads\/2024\/06\/Seguridad-Empresarial.png 844w, https:\/\/seguridad-cops.com\/wp-content\/uploads\/2024\/06\/Seguridad-Empresarial-300x139.png 300w, https:\/\/seguridad-cops.com\/wp-content\/uploads\/2024\/06\/Seguridad-Empresarial-768x357.png 768w\" sizes=\"auto, (max-width: 844px) 100vw, 844px\" \/><\/figure>\n\n\n<p>En el din\u00e1mico entorno empresarial actual, la seguridad no es solo una necesidad, sino una prioridad estrat\u00e9gica. En nuestra era digital, donde los datos son activos cr\u00edticos, mantener la integridad, confidencialidad y disponibilidad de la informaci\u00f3n es fundamental para el \u00e9xito y la reputaci\u00f3n de cualquier organizaci\u00f3n.<\/p>\n<p>En <b>COPS <\/b>entendemos las complejidades de proteger un negocio en un mundo interconectado. Nuestro servicio de Seguridad Empresarial ofrece soluciones personalizadas que abarcan desde evaluaciones de riesgos hasta implementaciones tecnol\u00f3gicas avanzadas, dise\u00f1adas para mitigar amenazas y proteger activos.<\/p>\n\n<style id=\"wpforms-css-vars-root\">\n\t\t\t\t:root {\n\t\t\t\t\t--wpforms-field-border-radius: 3px;\n--wpforms-field-border-style: solid;\n--wpforms-field-border-size: 1px;\n--wpforms-field-background-color: #ffffff;\n--wpforms-field-border-color: rgba( 0, 0, 0, 0.25 );\n--wpforms-field-border-color-spare: rgba( 0, 0, 0, 0.25 );\n--wpforms-field-text-color: rgba( 0, 0, 0, 0.7 );\n--wpforms-field-menu-color: #ffffff;\n--wpforms-label-color: rgba( 0, 0, 0, 0.85 );\n--wpforms-label-sublabel-color: rgba( 0, 0, 0, 0.55 );\n--wpforms-label-error-color: #d63637;\n--wpforms-button-border-radius: 3px;\n--wpforms-button-border-style: none;\n--wpforms-button-border-size: 1px;\n--wpforms-button-background-color: #066aab;\n--wpforms-button-border-color: #066aab;\n--wpforms-button-text-color: #ffffff;\n--wpforms-page-break-color: #066aab;\n--wpforms-background-image: none;\n--wpforms-background-position: center center;\n--wpforms-background-repeat: no-repeat;\n--wpforms-background-size: cover;\n--wpforms-background-width: 100px;\n--wpforms-background-height: 100px;\n--wpforms-background-color: rgba( 0, 0, 0, 0 );\n--wpforms-background-url: none;\n--wpforms-container-padding: 0px;\n--wpforms-container-border-style: none;\n--wpforms-container-border-width: 1px;\n--wpforms-container-border-color: #000000;\n--wpforms-container-border-radius: 3px;\n--wpforms-field-size-input-height: 43px;\n--wpforms-field-size-input-spacing: 15px;\n--wpforms-field-size-font-size: 16px;\n--wpforms-field-size-line-height: 19px;\n--wpforms-field-size-padding-h: 14px;\n--wpforms-field-size-checkbox-size: 16px;\n--wpforms-field-size-sublabel-spacing: 5px;\n--wpforms-field-size-icon-size: 1;\n--wpforms-label-size-font-size: 16px;\n--wpforms-label-size-line-height: 19px;\n--wpforms-label-size-sublabel-font-size: 14px;\n--wpforms-label-size-sublabel-line-height: 17px;\n--wpforms-button-size-font-size: 17px;\n--wpforms-button-size-height: 41px;\n--wpforms-button-size-padding-h: 15px;\n--wpforms-button-size-margin-top: 10px;\n--wpforms-container-shadow-size-box-shadow: none;\n\n\t\t\t\t}\n\t\t\t<\/style><div class=\"wpforms-container wpforms-container-full wpforms-block wpforms-block-05091293-f304-43db-8363-db6f0d4be744 wpforms-render-modern\" id=\"wpforms-1432\"><form id=\"wpforms-form-1432\" class=\"wpforms-validate wpforms-form\" data-formid=\"1432\" method=\"post\" enctype=\"multipart\/form-data\" action=\"\/index.php\/wp-json\/wp\/v2\/pages\/23\" data-token=\"0573b74b2a71e982cf36763f65e1447a\" data-token-time=\"1778071049\"><noscript class=\"wpforms-error-noscript\">Por favor, activa JavaScript en tu navegador para completar este formulario.<\/noscript><div class=\"wpforms-hidden\" id=\"wpforms-error-noscript\">Por favor, activa JavaScript en tu navegador para completar este formulario.<\/div><div class=\"wpforms-field-container\"><div id=\"wpforms-1432-field_0-container\" class=\"wpforms-field wpforms-field-name\" data-field-id=\"0\"><fieldset><legend class=\"wpforms-field-label\">Nombre <span class=\"wpforms-required-label\" aria-hidden=\"true\">*<\/span><\/legend><div class=\"wpforms-field-row wpforms-field-medium\"><div class=\"wpforms-field-row-block wpforms-first wpforms-one-half\"><input type=\"text\" id=\"wpforms-1432-field_0\" class=\"wpforms-field-name-first wpforms-field-required\" name=\"wpforms[fields][0][first]\" aria-errormessage=\"wpforms-1432-field_0-error\" required><label for=\"wpforms-1432-field_0\" class=\"wpforms-field-sublabel after\">Nombre<\/label><\/div><div class=\"wpforms-field-row-block wpforms-one-half\"><input type=\"text\" id=\"wpforms-1432-field_0-last\" class=\"wpforms-field-name-last wpforms-field-required\" name=\"wpforms[fields][0][last]\" aria-errormessage=\"wpforms-1432-field_0-last-error\" required><label for=\"wpforms-1432-field_0-last\" class=\"wpforms-field-sublabel after\">Apellidos<\/label><\/div><\/div><\/fieldset><\/div><div id=\"wpforms-1432-field_1-container\" class=\"wpforms-field wpforms-field-email\" data-field-id=\"1\"><label class=\"wpforms-field-label\" for=\"wpforms-1432-field_1\">Correo electr\u00f3nico <span class=\"wpforms-required-label\" aria-hidden=\"true\">*<\/span><\/label><input type=\"email\" id=\"wpforms-1432-field_1\" class=\"wpforms-field-medium wpforms-field-required\" name=\"wpforms[fields][1]\" spellcheck=\"false\" aria-errormessage=\"wpforms-1432-field_1-error\" required><\/div><div id=\"wpforms-1432-field_3-container\" class=\"wpforms-field wpforms-field-number\" data-field-id=\"3\"><label class=\"wpforms-field-label\" for=\"wpforms-1432-field_3\">N\u00famero de Tel\u00e9fono <span class=\"wpforms-required-label\" aria-hidden=\"true\">*<\/span><\/label><input type=\"number\" id=\"wpforms-1432-field_3\" class=\"wpforms-field-medium wpforms-field-required\" name=\"wpforms[fields][3]\" aria-errormessage=\"wpforms-1432-field_3-error\" required><\/div><div id=\"wpforms-1432-field_2-container\" class=\"wpforms-field wpforms-field-textarea\" data-field-id=\"2\"><label class=\"wpforms-field-label\" for=\"wpforms-1432-field_2\">Comentario o mensaje<\/label><textarea id=\"wpforms-1432-field_2\" class=\"wpforms-field-medium\" name=\"wpforms[fields][2]\" aria-errormessage=\"wpforms-1432-field_2-error\" ><\/textarea><\/div><\/div><!-- .wpforms-field-container --><div class=\"wpforms-submit-container\" ><input type=\"hidden\" name=\"wpforms[id]\" value=\"1432\"><input type=\"hidden\" name=\"page_title\" value=\"\"><input type=\"hidden\" name=\"page_url\" value=\"https:\/\/seguridad-cops.com\/index.php\/wp-json\/wp\/v2\/pages\/23\"><button type=\"submit\" name=\"wpforms[submit]\" id=\"wpforms-submit-1432\" class=\"wpforms-submit\" data-alt-text=\"Procesando su solicitud \" data-submit-text=\"Enviar\" aria-live=\"assertive\" value=\"wpforms-submit\">Enviar<\/button><\/div><\/form><\/div>  <!-- .wpforms-container -->","protected":false},"excerpt":{"rendered":"<p>Nuestro servicio de Seguridad Empresarial ofrece soluciones personalizadas que abarcan desde evaluaciones de riesgos hasta implementaciones tecnol\u00f3gicas avanzadas, dise\u00f1adas para mitigar amenazas y proteger activos.<\/p>\n","protected":false},"author":1,"featured_media":1483,"parent":0,"menu_order":0,"comment_status":"closed","ping_status":"closed","template":"template-fullwidth.php","meta":{"footnotes":""},"class_list":["post-23","page","type-page","status-publish","has-post-thumbnail","hentry"],"yoast_head":"<!-- This site is optimized with the Yoast SEO plugin v22.8 - https:\/\/yoast.com\/wordpress\/plugins\/seo\/ -->\n<title>Seguridad Empresarial - seguridad-cops<\/title>\n<meta name=\"robots\" content=\"index, follow, max-snippet:-1, max-image-preview:large, max-video-preview:-1\" \/>\n<link rel=\"canonical\" href=\"https:\/\/seguridad-cops.com\/index.php\/service-title-1\/\" \/>\n<meta property=\"og:locale\" content=\"es_ES\" \/>\n<meta property=\"og:type\" content=\"article\" \/>\n<meta property=\"og:title\" content=\"Seguridad Empresarial - seguridad-cops\" \/>\n<meta property=\"og:description\" content=\"Nuestro servicio de Seguridad Empresarial ofrece soluciones personalizadas que abarcan desde evaluaciones de riesgos hasta implementaciones tecnol\u00f3gicas avanzadas, dise\u00f1adas para mitigar amenazas y proteger activos.\" \/>\n<meta property=\"og:url\" content=\"https:\/\/seguridad-cops.com\/index.php\/service-title-1\/\" \/>\n<meta property=\"og:site_name\" content=\"seguridad-cops\" \/>\n<meta property=\"article:modified_time\" content=\"2024-06-13T21:33:46+00:00\" \/>\n<meta property=\"og:image\" content=\"https:\/\/seguridad-cops.com\/wp-content\/uploads\/2024\/06\/Seguridad-Empresarial.png\" \/>\n\t<meta property=\"og:image:width\" content=\"844\" \/>\n\t<meta property=\"og:image:height\" content=\"392\" \/>\n\t<meta property=\"og:image:type\" content=\"image\/png\" \/>\n<meta name=\"twitter:card\" content=\"summary_large_image\" \/>\n<meta name=\"twitter:label1\" content=\"Tiempo de lectura\" \/>\n\t<meta name=\"twitter:data1\" content=\"1 minuto\" \/>\n<script type=\"application\/ld+json\" class=\"yoast-schema-graph\">{\"@context\":\"https:\/\/schema.org\",\"@graph\":[{\"@type\":\"WebPage\",\"@id\":\"https:\/\/seguridad-cops.com\/index.php\/service-title-1\/\",\"url\":\"https:\/\/seguridad-cops.com\/index.php\/service-title-1\/\",\"name\":\"Seguridad Empresarial - seguridad-cops\",\"isPartOf\":{\"@id\":\"https:\/\/seguridad-cops.com\/#website\"},\"primaryImageOfPage\":{\"@id\":\"https:\/\/seguridad-cops.com\/index.php\/service-title-1\/#primaryimage\"},\"image\":{\"@id\":\"https:\/\/seguridad-cops.com\/index.php\/service-title-1\/#primaryimage\"},\"thumbnailUrl\":\"https:\/\/seguridad-cops.com\/wp-content\/uploads\/2024\/06\/Seguridad-Empresarial.png\",\"datePublished\":\"2016-02-12T08:12:49+00:00\",\"dateModified\":\"2024-06-13T21:33:46+00:00\",\"breadcrumb\":{\"@id\":\"https:\/\/seguridad-cops.com\/index.php\/service-title-1\/#breadcrumb\"},\"inLanguage\":\"es\",\"potentialAction\":[{\"@type\":\"ReadAction\",\"target\":[\"https:\/\/seguridad-cops.com\/index.php\/service-title-1\/\"]}]},{\"@type\":\"ImageObject\",\"inLanguage\":\"es\",\"@id\":\"https:\/\/seguridad-cops.com\/index.php\/service-title-1\/#primaryimage\",\"url\":\"https:\/\/seguridad-cops.com\/wp-content\/uploads\/2024\/06\/Seguridad-Empresarial.png\",\"contentUrl\":\"https:\/\/seguridad-cops.com\/wp-content\/uploads\/2024\/06\/Seguridad-Empresarial.png\",\"width\":844,\"height\":392},{\"@type\":\"BreadcrumbList\",\"@id\":\"https:\/\/seguridad-cops.com\/index.php\/service-title-1\/#breadcrumb\",\"itemListElement\":[{\"@type\":\"ListItem\",\"position\":1,\"name\":\"Portada\",\"item\":\"https:\/\/seguridad-cops.com\/\"},{\"@type\":\"ListItem\",\"position\":2,\"name\":\"Seguridad Empresarial\"}]},{\"@type\":\"WebSite\",\"@id\":\"https:\/\/seguridad-cops.com\/#website\",\"url\":\"https:\/\/seguridad-cops.com\/\",\"name\":\"seguridad-cops\",\"description\":\"\",\"publisher\":{\"@id\":\"https:\/\/seguridad-cops.com\/#organization\"},\"potentialAction\":[{\"@type\":\"SearchAction\",\"target\":{\"@type\":\"EntryPoint\",\"urlTemplate\":\"https:\/\/seguridad-cops.com\/?s={search_term_string}\"},\"query-input\":\"required name=search_term_string\"}],\"inLanguage\":\"es\"},{\"@type\":\"Organization\",\"@id\":\"https:\/\/seguridad-cops.com\/#organization\",\"name\":\"seguridad-cops\",\"url\":\"https:\/\/seguridad-cops.com\/\",\"logo\":{\"@type\":\"ImageObject\",\"inLanguage\":\"es\",\"@id\":\"https:\/\/seguridad-cops.com\/#\/schema\/logo\/image\/\",\"url\":\"https:\/\/seguridad-cops.com\/wp-content\/uploads\/2016\/02\/logo.png\",\"contentUrl\":\"https:\/\/seguridad-cops.com\/wp-content\/uploads\/2016\/02\/logo.png\",\"width\":152,\"height\":36,\"caption\":\"seguridad-cops\"},\"image\":{\"@id\":\"https:\/\/seguridad-cops.com\/#\/schema\/logo\/image\/\"}}]}<\/script>\n<!-- \/ Yoast SEO plugin. -->","yoast_head_json":{"title":"Seguridad Empresarial - seguridad-cops","robots":{"index":"index","follow":"follow","max-snippet":"max-snippet:-1","max-image-preview":"max-image-preview:large","max-video-preview":"max-video-preview:-1"},"canonical":"https:\/\/seguridad-cops.com\/index.php\/service-title-1\/","og_locale":"es_ES","og_type":"article","og_title":"Seguridad Empresarial - seguridad-cops","og_description":"Nuestro servicio de Seguridad Empresarial ofrece soluciones personalizadas que abarcan desde evaluaciones de riesgos hasta implementaciones tecnol\u00f3gicas avanzadas, dise\u00f1adas para mitigar amenazas y proteger activos.","og_url":"https:\/\/seguridad-cops.com\/index.php\/service-title-1\/","og_site_name":"seguridad-cops","article_modified_time":"2024-06-13T21:33:46+00:00","og_image":[{"width":844,"height":392,"url":"https:\/\/seguridad-cops.com\/wp-content\/uploads\/2024\/06\/Seguridad-Empresarial.png","type":"image\/png"}],"twitter_card":"summary_large_image","twitter_misc":{"Tiempo de lectura":"1 minuto"},"schema":{"@context":"https:\/\/schema.org","@graph":[{"@type":"WebPage","@id":"https:\/\/seguridad-cops.com\/index.php\/service-title-1\/","url":"https:\/\/seguridad-cops.com\/index.php\/service-title-1\/","name":"Seguridad Empresarial - seguridad-cops","isPartOf":{"@id":"https:\/\/seguridad-cops.com\/#website"},"primaryImageOfPage":{"@id":"https:\/\/seguridad-cops.com\/index.php\/service-title-1\/#primaryimage"},"image":{"@id":"https:\/\/seguridad-cops.com\/index.php\/service-title-1\/#primaryimage"},"thumbnailUrl":"https:\/\/seguridad-cops.com\/wp-content\/uploads\/2024\/06\/Seguridad-Empresarial.png","datePublished":"2016-02-12T08:12:49+00:00","dateModified":"2024-06-13T21:33:46+00:00","breadcrumb":{"@id":"https:\/\/seguridad-cops.com\/index.php\/service-title-1\/#breadcrumb"},"inLanguage":"es","potentialAction":[{"@type":"ReadAction","target":["https:\/\/seguridad-cops.com\/index.php\/service-title-1\/"]}]},{"@type":"ImageObject","inLanguage":"es","@id":"https:\/\/seguridad-cops.com\/index.php\/service-title-1\/#primaryimage","url":"https:\/\/seguridad-cops.com\/wp-content\/uploads\/2024\/06\/Seguridad-Empresarial.png","contentUrl":"https:\/\/seguridad-cops.com\/wp-content\/uploads\/2024\/06\/Seguridad-Empresarial.png","width":844,"height":392},{"@type":"BreadcrumbList","@id":"https:\/\/seguridad-cops.com\/index.php\/service-title-1\/#breadcrumb","itemListElement":[{"@type":"ListItem","position":1,"name":"Portada","item":"https:\/\/seguridad-cops.com\/"},{"@type":"ListItem","position":2,"name":"Seguridad Empresarial"}]},{"@type":"WebSite","@id":"https:\/\/seguridad-cops.com\/#website","url":"https:\/\/seguridad-cops.com\/","name":"seguridad-cops","description":"","publisher":{"@id":"https:\/\/seguridad-cops.com\/#organization"},"potentialAction":[{"@type":"SearchAction","target":{"@type":"EntryPoint","urlTemplate":"https:\/\/seguridad-cops.com\/?s={search_term_string}"},"query-input":"required name=search_term_string"}],"inLanguage":"es"},{"@type":"Organization","@id":"https:\/\/seguridad-cops.com\/#organization","name":"seguridad-cops","url":"https:\/\/seguridad-cops.com\/","logo":{"@type":"ImageObject","inLanguage":"es","@id":"https:\/\/seguridad-cops.com\/#\/schema\/logo\/image\/","url":"https:\/\/seguridad-cops.com\/wp-content\/uploads\/2016\/02\/logo.png","contentUrl":"https:\/\/seguridad-cops.com\/wp-content\/uploads\/2016\/02\/logo.png","width":152,"height":36,"caption":"seguridad-cops"},"image":{"@id":"https:\/\/seguridad-cops.com\/#\/schema\/logo\/image\/"}}]}},"_links":{"self":[{"href":"https:\/\/seguridad-cops.com\/index.php\/wp-json\/wp\/v2\/pages\/23","targetHints":{"allow":["GET"]}}],"collection":[{"href":"https:\/\/seguridad-cops.com\/index.php\/wp-json\/wp\/v2\/pages"}],"about":[{"href":"https:\/\/seguridad-cops.com\/index.php\/wp-json\/wp\/v2\/types\/page"}],"author":[{"embeddable":true,"href":"https:\/\/seguridad-cops.com\/index.php\/wp-json\/wp\/v2\/users\/1"}],"replies":[{"embeddable":true,"href":"https:\/\/seguridad-cops.com\/index.php\/wp-json\/wp\/v2\/comments?post=23"}],"version-history":[{"count":3,"href":"https:\/\/seguridad-cops.com\/index.php\/wp-json\/wp\/v2\/pages\/23\/revisions"}],"predecessor-version":[{"id":1490,"href":"https:\/\/seguridad-cops.com\/index.php\/wp-json\/wp\/v2\/pages\/23\/revisions\/1490"}],"wp:featuredmedia":[{"embeddable":true,"href":"https:\/\/seguridad-cops.com\/index.php\/wp-json\/wp\/v2\/media\/1483"}],"wp:attachment":[{"href":"https:\/\/seguridad-cops.com\/index.php\/wp-json\/wp\/v2\/media?parent=23"}],"curies":[{"name":"wp","href":"https:\/\/api.w.org\/{rel}","templated":true}]}}